{"id":3656,"date":"2019-06-14T15:45:11","date_gmt":"2019-06-14T15:45:11","guid":{"rendered":"https:\/\/sts.ringeisen.services\/?page_id=3656"},"modified":"2019-06-14T15:45:11","modified_gmt":"2019-06-14T15:45:11","slug":"tierschutz-produktebeurteilung-food","status":"publish","type":"page","link":"https:\/\/sts.ringeisen.services\/?page_id=3656","title":{"rendered":"Tierschutz-Produktebeurteilung Food"},"content":{"rendered":"<p lang=\"zxx\"><span style=\"font-size: large;\"><b>Labeldschungel? Wir bieten \u00dcbersicht<\/b><\/span><\/p>\n<p lang=\"zxx\">Immer mehr Landwirte setzen auf tierfreundliche Haltungssysteme, um ihre qualitativ hochwertigen Produkte zu gerechten Preisen anbieten zu k\u00f6nnen. Vielen Dank diesen engagierten Landwirten!<\/p>\n<p lang=\"zxx\">Manch Konsument verliert aber schon mal den \u00dcberblick ob all den Label&#8230;<\/p>\n<p lang=\"zxx\">Der Schweizer Tierschutz STS hat ein Bewertungstool entwickelt, mit dem sich verschiedene Herk\u00fcnfte vergleichen lassen<\/p>\n<p lang=\"zxx\">Horrorhaltung oder Schwein im Gl\u00fcck?<\/p>\n<p lang=\"zxx\"><img loading=\"lazy\" decoding=\"async\" src=\"file:\/\/\/tmp\/lu3740vwlk6x.tmp\/lu3740vwlkbp_tmp_237648b40da951c.jpg\" width=\"157\" height=\"105\" name=\"Bild26\" align=\"left\" border=\"0\" \/> <img loading=\"lazy\" decoding=\"async\" src=\"file:\/\/\/tmp\/lu3740vwlk6x.tmp\/lu3740vwlkbp_tmp_59d16f625530b8c3.png\" width=\"147\" height=\"100\" name=\"Bild27\" align=\"left\" border=\"0\" \/><\/p>\n<p lang=\"zxx\">Freilandhuhn oder Turbo-Masthuhn?<\/p>\n<p lang=\"zxx\"><img loading=\"lazy\" decoding=\"async\" src=\"file:\/\/\/tmp\/lu3740vwlk6x.tmp\/lu3740vwlkbp_tmp_dc5b4ae47171addd.png\" width=\"95\" height=\"142\" name=\"Bild25\" align=\"left\" border=\"0\" \/><\/p>\n<p lang=\"zxx\"><img loading=\"lazy\" decoding=\"async\" src=\"file:\/\/\/tmp\/lu3740vwlk6x.tmp\/lu3740vwlkbp_tmp_40bf6e9f7fe0b015.jpg\" width=\"167\" height=\"111\" name=\"Bild28\" align=\"left\" border=\"0\" \/><\/p>\n<p lang=\"zxx\">Die Wahrheit ist nicht schwarz oder weiss, sondern hat alle Schattierungen von gr\u00fcn (vorbildliche Tierhaltung) \u00fcber gelb (gen\u00fcgend), orange (verbesserungsbed\u00fcrftig) bis rot (H\u00e4nde weg!).<\/p>\n","protected":false},"excerpt":{"rendered":"<p>Labeldschungel? Wir bieten \u00dcbersicht Immer mehr Landwirte setzen auf tierfreundliche Haltungssysteme, um ihre qualitativ hochwertigen Produkte zu gerechten Preisen anbieten zu k\u00f6nnen. Vielen Dank diesen engagierten Landwirten! Manch Konsument verliert aber schon mal den \u00dcberblick ob all den Label&#8230; Der Schweizer Tierschutz STS hat ein Bewertungstool entwickelt, mit dem sich verschiedene Herk\u00fcnfte vergleichen lassen Horrorhaltung [&hellip;]<\/p>\n","protected":false},"author":2,"featured_media":0,"parent":0,"menu_order":0,"comment_status":"closed","ping_status":"closed","template":"","meta":{"footnotes":""},"class_list":["post-3656","page","type-page","status-publish","hentry"],"lang":"de","translations":{"de":3656},"_links":{"self":[{"href":"https:\/\/sts.ringeisen.services\/index.php?rest_route=\/wp\/v2\/pages\/3656","targetHints":{"allow":["GET"]}}],"collection":[{"href":"https:\/\/sts.ringeisen.services\/index.php?rest_route=\/wp\/v2\/pages"}],"about":[{"href":"https:\/\/sts.ringeisen.services\/index.php?rest_route=\/wp\/v2\/types\/page"}],"author":[{"embeddable":true,"href":"https:\/\/sts.ringeisen.services\/index.php?rest_route=\/wp\/v2\/users\/2"}],"replies":[{"embeddable":true,"href":"https:\/\/sts.ringeisen.services\/index.php?rest_route=%2Fwp%2Fv2%2Fcomments&post=3656"}],"version-history":[{"count":2,"href":"https:\/\/sts.ringeisen.services\/index.php?rest_route=\/wp\/v2\/pages\/3656\/revisions"}],"predecessor-version":[{"id":3660,"href":"https:\/\/sts.ringeisen.services\/index.php?rest_route=\/wp\/v2\/pages\/3656\/revisions\/3660"}],"wp:attachment":[{"href":"https:\/\/sts.ringeisen.services\/index.php?rest_route=%2Fwp%2Fv2%2Fmedia&parent=3656"}],"curies":[{"name":"wp","href":"https:\/\/api.w.org\/{rel}","templated":true}]}}